{"id":142,"date":"2020-12-08T09:42:52","date_gmt":"2020-12-08T08:42:52","guid":{"rendered":"http:\/\/bioskop.test\/?page_id=142"},"modified":"2023-11-27T12:32:55","modified_gmt":"2023-11-27T11:32:55","slug":"impressum","status":"publish","type":"page","link":"http:\/\/bioskop.de\/en\/impressum\/","title":{"rendered":"Imprint"},"content":{"rendered":"<p id=\"yui_3_17_2_1_1607416795697_163\">Neue Bioskop Television GmbH<br>Theresienstra\u00dfe 18<br>80333 Munich<br>+49 89 40909 20<br><a href=\"mailto:info@bioskop.de\">info@bioskop.de<\/a><br><\/p>\n\n\n\n<p>Gesch\u00e4ftsf\u00fchrer: Dietmar G\u00fcntsche, Christian Balz<br>Registergericht: Amtsgericht M\u00fcnchen<br>Registernummer: HRB 163642<br>Europ\u00e4ische Umsatzsteueridentifikationsnr.: DE250622440<\/p>","protected":false},"excerpt":{"rendered":"<p>Neue Bioskop Television GmbHTheresienstra\u00dfe 1880333 M\u00fcnchen+49 89 40909 20info@bioskop.de Gesch\u00e4ftsf\u00fchrer: Dietmar G\u00fcntsche, Christian BalzRegistergericht: Amtsgericht M\u00fcnchenRegisternummer: HRB 163642Europ\u00e4ische Umsatzsteueridentifikationsnr.: DE250622440<\/p>","protected":false},"author":1,"featured_media":0,"parent":0,"menu_order":0,"comment_status":"closed","ping_status":"closed","template":"","meta":{"footnotes":""},"class_list":["post-142","page","type-page","status-publish","hentry"],"acf":[],"_links":{"self":[{"href":"http:\/\/bioskop.de\/en\/wp-json\/wp\/v2\/pages\/142","targetHints":{"allow":["GET"]}}],"collection":[{"href":"http:\/\/bioskop.de\/en\/wp-json\/wp\/v2\/pages"}],"about":[{"href":"http:\/\/bioskop.de\/en\/wp-json\/wp\/v2\/types\/page"}],"author":[{"embeddable":true,"href":"http:\/\/bioskop.de\/en\/wp-json\/wp\/v2\/users\/1"}],"replies":[{"embeddable":true,"href":"http:\/\/bioskop.de\/en\/wp-json\/wp\/v2\/comments?post=142"}],"version-history":[{"count":5,"href":"http:\/\/bioskop.de\/en\/wp-json\/wp\/v2\/pages\/142\/revisions"}],"predecessor-version":[{"id":833,"href":"http:\/\/bioskop.de\/en\/wp-json\/wp\/v2\/pages\/142\/revisions\/833"}],"wp:attachment":[{"href":"http:\/\/bioskop.de\/en\/wp-json\/wp\/v2\/media?parent=142"}],"curies":[{"name":"wp","href":"https:\/\/api.w.org\/{rel}","templated":true}]}}