{"id":3,"date":"2020-12-07T16:34:13","date_gmt":"2020-12-07T15:34:13","guid":{"rendered":"http:\/\/bioskop.test\/?page_id=3"},"modified":"2023-11-27T12:32:24","modified_gmt":"2023-11-27T11:32:24","slug":"datenschutzerklaerung","status":"publish","type":"page","link":"https:\/\/bioskop.de\/en\/datenschutzerklaerung\/","title":{"rendered":"Privacy Statement"},"content":{"rendered":"<p><strong>Teil I<\/strong> gibt Ihnen allgemeine Informationen \u00fcber die Verarbeitung Ihrer pers\u00f6nlichen Daten durch uns und die Rechte, die Sie als von der Verarbeitung betroffene Person haben. Unter <strong>Teil II <\/strong>informieren wir Sie dar\u00fcber, wann Sie der Verarbeitung Ihrer Daten durch uns widersprechen k\u00f6nnen.<\/p>\n\n\n\n<p><strong>TEIL I: ALLGEMEINE DATENSCHUTZINFORMATIONEN<\/strong><\/p>\n\n\n\n<p>Name und Anschrift des Verantwortlichen<\/p>\n\n\n\n<p><strong>Neue Bioskop Television GmbH<\/strong><br>Theresienstra\u00dfe 18<br>80333 Munich<\/p>\n\n\n\n<p>info@bioskop.de<br>+49 (0) 89 &#8211; 4090 920<\/p>\n\n\n\n<p>Kontaktdaten des Datenschutzbeauftragten<\/p>\n\n\n\n<p><strong>Jan Marschner, LL.M.<\/strong><br>Rechtsanwalt | Datenschutzbeauftragter<br>Markt 9<br>04109 Leipzig<\/p>\n\n\n\n<p>jm@datenschutzbeauftragter-leipzig.de<br>+49 (0) 341 \u2013 2618 9373<\/p>\n\n\n\n<p>Bereitstellung der Website und Erstellung von Logfiles<\/p>\n\n\n\n<p>Bei jedem Aufruf unserer Internetseite erfasst unser System automatisiert Informationen vom System des aufrufenden Rechners bzw. Endger\u00e4t des Nutzers. Folgende Daten werden hierbei erhoben:<\/p>\n\n\n\n<p>\u2022 Informationen \u00fcber den Browsertyp und die verwendete Version<br>\u2022 Das Betriebssystem des Endger\u00e4ts des Nutzers<br>\u2022 Den Internet-Service-Provider des Nutzers<br>\u2022 Die IP-Adresse des Nutzers<br>\u2022 Datum und Uhrzeit des Zugriffs<br>\u2022 Websites, von denen das System des Nutzers auf unsere Internetseite gelangt<br>\u2022 Websites, die vom System des Nutzers \u00fcber unsere Website aufgerufen werden<\/p>\n\n\n\n<p>Die Daten werden ebenfalls in den Logfiles unseres Systems gespeichert. Die vorgenannten Daten erh\u00e4lt und speichert ausschlie\u00dflich unser technischer Dienstleister, die Squarespace Inc., bei dem die Website gehostet wird. Wir selbst haben hierauf keinen Zugriff.<\/p>\n\n\n\n<p>Rechtsgrundlage f\u00fcr die vor\u00fcbergehende Speicherung dieser Daten und der Logfiles ist Art. 6 Abs. 1 lit. f DS-GVO (berechtigte Interessen von uns als verantwortlicher Website-Betreiber). Die vor\u00fcbergehende Speicherung der IP-Adresse durch das System ist notwendig, um eine Auslieferung der Website an den Rechner des Nutzers zu erm\u00f6glichen. Hierf\u00fcr muss die IP-Adresse des Nutzers f\u00fcr die Dauer der Sitzung gespeichert bleiben. Zudem dienen uns diese Daten zur Optimierung der Website und zur Gew\u00e4hrleistung der Sicherheit unserer informationstechnischen Systeme (z.B. zur Angriffserkennung). In diesen Zwecken liegt auch unser berechtigtes Interesse an der Datenverarbeitung nach Art. 6 Abs. 1 lit. f DS-GVO.<\/p>\n\n\n\n<p>Die Daten werden gel\u00f6scht, sobald sie f\u00fcr die Erreichung des Zweckes ihrer Erhebung nicht mehr erforderlich sind. Im Falle der Erfassung der Daten zur Bereitstellung der Website ist dies der Fall, wenn die jeweilige Sitzung beendet ist. Die Webserver-Logfile werden f\u00fcr max. 6 Monate gespeichert.<\/p>\n\n\n\n<p>Die Erfassung der Daten zur Bereitstellung der Website und die Speicherung der Daten in Logfiles ist f\u00fcr den Betrieb der Internetseite zwingend erforderlich. Es besteht folglich seitens des Nutzers keine Widerspruchsm\u00f6glichkeit.<\/p>\n\n\n\n<p>E-Mail-Kontakt<\/p>\n\n\n\n<p>Wir verarbeiten alle personenbezogenen Daten, die uns mitgeteilt werden und f\u00fcr die Bearbeitung des Anliegens erforderlich sind. Dies betrifft sowohl die Kommunikation mit dem Anfragenden als auch die Begr\u00fcndung und Durchf\u00fchrung eines Vertrags. Rechtsgrundlage f\u00fcr die Verarbeitung der Daten, die im Zuge einer Kontaktaufnahme \u00fcbermittelt werden, ist grunds\u00e4tzlich Art. 6 Abs. 1 lit. f DS-GVO. Das berechtigte Interesse besteht in der Durchf\u00fchrung der Kommunikation. Zielt die Kontaktaufnahme auf den Abschluss eines Vertrages ab, so ist zus\u00e4tzliche Rechtsgrundlage f\u00fcr die Verarbeitung Art. 6 Abs. 1 lit. b DS-GVO.<\/p>\n\n\n\n<p>Bei einer Kontaktaufnahme per E-Mail werden erg\u00e4nzend E-Mail-Logfiles von unserem E-Mail-Provider, der Strato GmbH, erstellt und f\u00fcr max. 6 Monate gespeichert. Diese E-Mail-Logfiles enthalten folgende Meta-Daten (Sender, Empf\u00e4nger, Zeitpunkt, IP-Adresse, Gr\u00f6\u00dfe). Wir selbst haben hierauf keinen Zugriff. Rechtsgrundlage ist Art. 6 Abs. 1 lit. f DS-GVO. Das berechtigte Interesse besteht in der Abwehr rechtswidriger E-Mails und der Rechtsverfolgung. Eine Widerspruchsm\u00f6glichkeit ist insoweit nicht gegeben.<\/p>\n\n\n\n<p>Alle Daten werden gel\u00f6scht, sobald sie f\u00fcr die Erreichung des Zwecks ihrer Erhebung nicht mehr erforderlich sind. F\u00fcr die personenbezogenen Daten, die per E-Mail oder das Kontaktformular \u00fcbersandt wurden, ist dies dann der Fall, wenn die jeweilige Konversation mit dem Nutzer beendet ist. Beendet ist die Konservation dann, wenn sich aus den Umst\u00e4nden entnehmen l\u00e4sst, dass der betroffene Sachverhalt abschlie\u00dfend gekl\u00e4rt ist. Abweichend hiervon gilt, dass wir zu einer l\u00e4ngeren Speicherung von bis zu 10 Jahren aufgrund von handels- und steuerrechtlichen Aufbewahrungsfristen (insbesondere \u00a7 147 Abgabenordnung sowie \u00a7 257 Handelsgesetzbuch) verpflichtet sein k\u00f6nnen.<\/p>\n\n\n\n<p>Google Fonts<\/p>\n\n\n\n<p>Wir nutzen zur einheitlichen Darstellung von Schriftarten sogenannte Web Fonts, die von der Google Ireland Limited, Gordon House, Barrow Street, Dublin, D04 E5W5, Dublin (nachfolgend \u201eGoogle\u201c genannt) bereitgestellt werden. Beim Aufruf einer Seite l\u00e4dt Ihr Browser die ben\u00f6tigten Web Fonts in ihren Browsercache, um Texte und Schriftarten korrekt anzuzeigen.<\/p>\n\n\n\n<p>Zu diesem Zweck muss der von Ihnen verwendete Browser Verbindung zu den Servern von Google aufnehmen. Hierdurch erlangt Google Kenntnis dar\u00fcber, dass \u00fcber Ihre IP-Adresse unsere Website aufgerufen wurde. Die Nutzung von Google Web Fonts erfolgt im Interesse einer einheitlichen und ansprechenden Darstellung unserer Online-Angebote. Dies stellt ein berechtigtes Interesse im Sinne von Art. 6 Abs. 1 S. 1 lit. f) DS-GVO dar.<\/p>\n\n\n\n<p>F\u00fcr die weitere Datenverarbeitung ist Google verantwortlich. Weitere Informationen zum Umgang mit Ihren Daten durch Google erhalten Sie unter: https:\/\/developers.google.com\/fonts\/faq und https:\/\/policies.google.com\/privacy.<\/p>\n\n\n\n<p>Rechte des Betroffenen<\/p>\n\n\n\n<p>Sie haben nach Ma\u00dfgabe des Art. 15 DS-GVO das Recht, Auskunft \u00fcber die zu Ihrer Person gespeicherten Daten zu erhalten. Sollten unrichtige personenbezogene Daten verarbeitet worden sein, steht Ihnen gem\u00e4\u00df Art. 16 DS-GVO ein Recht auf Berichtigung zu.<\/p>\n\n\n\n<p>Liegen die gesetzlichen Voraussetzungen vor, so k\u00f6nnen Sie die L\u00f6schung oder Einschr\u00e4nkung der Verarbeitung verlangen sowie Widerspruch gegen die Datenverarbeitung einlegen (Art. 17, 18 und 21 DS-GVO). Nach Art. 20 DS-GVO k\u00f6nnen Sie bei Daten, die auf der Grundlage Ihrer Einwilligung oder eines Vertrages mit Ihnen automatisiert verarbeitet werden, das Recht auf Daten\u00fcbertragbarkeit geltend machen.<\/p>\n\n\n\n<p>Wenn Sie der Auffassung sind, dass eine Datenverarbeitung gegen Datenschutzrecht verst\u00f6\u00dft, haben Sie das Recht, sich bei einer Datenschutzaufsichtsbeh\u00f6rde Ihrer Wahl zu beschweren (Art. 77 DS-GVO i. V. m. \u00a7 19 BDSG). Hierzu geh\u00f6rt auch die f\u00fcr uns zust\u00e4ndige Datenschutzaufsichtsbeh\u00f6rde, die Sie unter folgenden Kontaktdaten erreichen k\u00f6nnen:<\/p>\n\n\n\n<p>Bayerisches Landesamt f\u00fcr Datenschutzaufsicht<\/p>\n\n\n\n<p>Promenade 18 | 91522 Ansbach<br>Telefon: 0981 &#8211; 1800930<br>Email: poststelle@lda.bayern.de<\/p>\n\n\n\n<p><strong>TEIL II: INFORMATION \u00dcBER IHR WIDERSPRUCHSRECHT NACH ART. 21 DS-GVO<\/strong><\/p>\n\n\n\n<p>Sie haben das Recht aus Gr\u00fcnden, die sich aus Ihrer besonderen Situation ergeben, jederzeit gegen die Verarbeitung Sie betreffender personenbezogener Daten, die aufgrund von Art.6 Abs. 1 lit. f DS-GVO (Datenverarbeitung auf der Grundlage einer Interessenabw\u00e4gung) erfolgt, Widerspruch einzulegen. Legen Sie Widerspruch ein, werden wir Ihre personenbezogenen Daten nicht mehr verarbeiten, es sei denn, wir k\u00f6nnen zwingende schutzw\u00fcrdige Gr\u00fcnde f\u00fcr die Verarbeitung nachweisen, die Ihre Interessen, Rechte und Freiheiten \u00fcberwiegen, oder die Verarbeitung dient der Geltendmachung, Aus\u00fcbung oder Verteidigung von Rechtsanspr\u00fcchen.<\/p>\n\n\n\n<p>In Einzelf\u00e4llen verarbeiten wir Ihre personenbezogenen Daten, um Direktwerbung zu betreiben. Sie haben das Recht, jederzeit Widerspruch gegen die Verarbeitung Sie betreffender Daten zum Zwecke derartiger Werbung einzulegen. Widersprechen Sie der Verarbeitung f\u00fcr Zwecke der Direktwerbung, so werden wir ihre personenbezogenen Daten nicht mehr f\u00fcr diese Zwecke verarbeiten.<\/p>\n\n\n\n<p>Der Widerspruch kann formfrei erfolgen und sollte m\u00f6glichst gerichtet werden an die oben in der Rubrik \u201eName und Kontaktdaten des Verantwortlichen\u201c genannten Kontaktdaten.<\/p>","protected":false},"excerpt":{"rendered":"<p>Teil I gibt Ihnen allgemeine Informationen \u00fcber die Verarbeitung Ihrer pers\u00f6nlichen Daten durch uns und die Rechte, die Sie als von der Verarbeitung betroffene Person haben. Unter Teil II informieren wir Sie dar\u00fcber, wann Sie der Verarbeitung Ihrer Daten durch uns widersprechen k\u00f6nnen. TEIL I: ALLGEMEINE DATENSCHUTZINFORMATIONEN Name und Anschrift des Verantwortlichen Neue Bioskop Television [&hellip;]<\/p>","protected":false},"author":1,"featured_media":0,"parent":0,"menu_order":0,"comment_status":"closed","ping_status":"open","template":"","meta":{"footnotes":""},"class_list":["post-3","page","type-page","status-publish","hentry"],"acf":[],"_links":{"self":[{"href":"https:\/\/bioskop.de\/en\/wp-json\/wp\/v2\/pages\/3","targetHints":{"allow":["GET"]}}],"collection":[{"href":"https:\/\/bioskop.de\/en\/wp-json\/wp\/v2\/pages"}],"about":[{"href":"https:\/\/bioskop.de\/en\/wp-json\/wp\/v2\/types\/page"}],"author":[{"embeddable":true,"href":"https:\/\/bioskop.de\/en\/wp-json\/wp\/v2\/users\/1"}],"replies":[{"embeddable":true,"href":"https:\/\/bioskop.de\/en\/wp-json\/wp\/v2\/comments?post=3"}],"version-history":[{"count":2,"href":"https:\/\/bioskop.de\/en\/wp-json\/wp\/v2\/pages\/3\/revisions"}],"predecessor-version":[{"id":832,"href":"https:\/\/bioskop.de\/en\/wp-json\/wp\/v2\/pages\/3\/revisions\/832"}],"wp:attachment":[{"href":"https:\/\/bioskop.de\/en\/wp-json\/wp\/v2\/media?parent=3"}],"curies":[{"name":"wp","href":"https:\/\/api.w.org\/{rel}","templated":true}]}}